{"id":8221,"date":"2019-12-14T08:52:03","date_gmt":"2019-12-14T08:52:03","guid":{"rendered":"https:\/\/autoletcar.com\/index.php\/terms-and-conditions-copy\/"},"modified":"2019-12-14T08:56:07","modified_gmt":"2019-12-14T08:56:07","slug":"banco-de-portugal","status":"publish","type":"page","link":"https:\/\/autoletcar.com\/index.php\/banco-de-portugal\/","title":{"rendered":"Intermedi\u00e1rio de Cr\u00e9dito Registado no Banco de Portugal"},"content":{"rendered":"<body><p>[vc_row][vc_column][vc_empty_space height=\u201d80px\u201d][vc_column_text]<\/p>\n<h3><b>A empresa Valdemar e Domingos lda , exerce a categoria de Intermedi\u00e1rio de Cr\u00e9dito a T\u00edtulo Acess\u00f3rio registada no Banco de Portugal sob o n.\u00ba 0002463.<\/b><\/h3>\n<p><b>\u2013 O registo est\u00e1 dispon\u00edvel para consulta no portal do cliente banc\u00e1rio em:\u00a0<\/b> <a href=\"https:\/\/www.bportugal.pt\/intermediariocreditofar\/valdemar-e-domingos-lda\"><span style=\"font-weight: 400;\">https:\/\/www.bportugal.pt\/intermediariocreditofar\/valdemar-e-domingos-lda<\/span><\/a><\/p>\n<p><b>\u2013 Mutuantes com quem mant\u00eam contrato de vincula\u00e7\u00e3o:<\/b><\/p>\n<ul>\n<li style=\"font-weight: 400;\"><span style=\"font-weight: 400;\">321 Cr\u00e9dito- Institui\u00e7\u00e3o Financeira de Credito , SA<\/span><\/li>\n<li style=\"font-weight: 400;\"><span style=\"font-weight: 400;\">\u2013 Banco Invest, SA<\/span><\/li>\n<li style=\"font-weight: 400;\"><span style=\"font-weight: 400;\">\u2013 BBVA, Institui\u00e7\u00e3o Financeira de Cr\u00e9dito , SA;<\/span><\/li>\n<li style=\"font-weight: 400;\"><span style=\"font-weight: 400;\">\u2013 Banco Credibom, SA<\/span><\/li>\n<li style=\"font-weight: 400;\"><span style=\"font-weight: 400;\">\u2013 Montepio Cr\u00e9dito- Institui\u00e7\u00e3o Financeira de Cr\u00e9dito , SA.<\/span><\/li>\n<\/ul>\n<p><b>\u2013 Servi\u00e7os que presta na intermedia\u00e7\u00e3o de cr\u00e9dito:<\/b><\/p>\n<ul>\n<li style=\"font-weight: 400;\"><span style=\"font-weight: 400;\">Apresenta\u00e7\u00e3o ou proposta de contratos de cr\u00e9dito a consumidores;<\/span><\/li>\n<li style=\"font-weight: 400;\"><span style=\"font-weight: 400;\">Assist\u00eancia a consumidores, mediante realiza\u00e7\u00e3o de atos preparat\u00f3rios ou de outros trabalhos de gest\u00e3o pr\u00e9-contratual relativamente a contratos de cr\u00e9dito que n\u00e3o tenham sido por si apresentados ou propostos.<\/span><\/li>\n<\/ul>\n<p><b>O intermedi\u00e1rio de Cr\u00e9dito n\u00e3o presta servi\u00e7os de Consultoria.<\/b><\/p>\n<p><b>Contrato de Seguro de Responsabilidade Civil Profissional celebrado com:<\/b><\/p>\n<p><span style=\"font-weight: 400;\">Hiscox Insurance Company Limited com a ap\u00f3lice n.\u00ba 2510905 v\u00e1lida at\u00e9 11\/07\/2020.<\/span><\/p>\n<p><span style=\"font-weight: 400;\">O intermedi\u00e1rio de cr\u00e9dito\u00a0<\/span><b>Valdemar e Domingos Lda<\/b><span style=\"font-weight: 400;\">, n\u00e3o pode receber ou entregar quaisquer valores relacionados com a forma\u00e7\u00e3o, a execu\u00e7\u00e3o e o cumprimento antecipado dos contratos de cr\u00e9dito, nos termos do artigo 46.\u00ba do Decreto-Lei 81-C\/2017, de 07 de julho.<\/span><\/p>\n<p><span style=\"font-weight: 400;\">O intermedi\u00e1rio de cr\u00e9dito\u00a0<\/span><b>Valdemar e Domingos Lda<\/b><span style=\"font-weight: 400;\">\u00a0possui livro de reclama\u00e7\u00f5es no seu estabelecimento, o qual pode ser utilizado por qualquer consumidor, nos termos da lei.<\/span><\/p>\n<p><span style=\"font-weight: 400;\">O consumidor poder\u00e1, ainda, apresentar reclama\u00e7\u00e3o no livro de reclama\u00e7\u00f5es eletr\u00f3nico, dispon\u00edvel em:\u00a0<\/span><a href=\"http:\/\/www.livroreclamacoes.pt\/\"><span style=\"font-weight: 400;\">www.livroreclamacoes.pt<\/span><\/a><span style=\"font-weight: 400;\">.<\/span><\/p>\n<p><b>O consumidor poder\u00e1 apresentar reclama\u00e7\u00e3o junto do Banco de Portugal:<\/b><\/p>\n<ul>\n<li style=\"font-weight: 400;\"><span style=\"font-weight: 400;\">Por meio de carta; ou<\/span><\/li>\n<li style=\"font-weight: 400;\"><span style=\"font-weight: 400;\">Pelo preenchimento de formul\u00e1rio dispon\u00edvel no portal do cliente banc\u00e1rio, atrav\u00e9s do link:\u00a0<\/span><a href=\"https:\/\/clientebancario.bportugal.pt\/pt-pt\/formulario-nova-reclamacao\"><span style=\"font-weight: 400;\">https:\/\/clientebancario.bportugal.pt\/pt-pt\/formulario-nova-reclamacao<\/span><\/a><\/li>\n<\/ul>\n<p><b>O intermedi\u00e1rio de cr\u00e9dito\u00a0Valdemar e Domingos Lda, aderiu aos seguintes meios de resolu\u00e7\u00e3o alternativa de lit\u00edgios:<\/b><\/p>\n<p><b>\u2013 Centro de Arbitragem do Sector Automovel<\/b><\/p>\n<p><b>\u2013 Centro de Arbitragem de Conflitos de Consumo de Lisboa<\/b><\/p>\n<p>[\/vc_column_text][vc_empty_space height=\u201d80px\u201d][\/vc_column][\/vc_row]<\/p>\n<\/body>","protected":false},"excerpt":{"rendered":"<p>[vc_row][vc_column][vc_empty_space height=\u201d80px\u201d][vc_column_text] A empresa Valdemar e Domingos lda , exerce a categoria de Intermedi\u00e1rio de Cr\u00e9dito a T\u00edtulo Acess\u00f3rio registada no Banco de Portugal sob o n.\u00ba 0002463. \u2013 O registo est\u00e1 dispon\u00edvel para consulta no portal do cliente banc\u00e1rio em:\u00a0 https:\/\/www.bportugal.pt\/intermediariocreditofar\/valdemar-e-domingos-lda \u2013 Mutuantes com quem mant\u00eam contrato de vincula\u00e7\u00e3o: 321 Cr\u00e9dito- Institui\u00e7\u00e3o Financeira de [&hellip;]<\/p>\n","protected":false},"author":1,"featured_media":0,"parent":0,"menu_order":0,"comment_status":"closed","ping_status":"closed","template":"templates\/page-vc_compatible.php","meta":{"om_disable_all_campaigns":false,"_monsterinsights_skip_tracking":false,"_monsterinsights_sitenote_active":false,"_monsterinsights_sitenote_note":"","_monsterinsights_sitenote_category":0,"footnotes":""},"class_list":["post-8221","page","type-page","status-publish","hentry"],"_links":{"self":[{"href":"https:\/\/autoletcar.com\/index.php\/wp-json\/wp\/v2\/pages\/8221"}],"collection":[{"href":"https:\/\/autoletcar.com\/index.php\/wp-json\/wp\/v2\/pages"}],"about":[{"href":"https:\/\/autoletcar.com\/index.php\/wp-json\/wp\/v2\/types\/page"}],"author":[{"embeddable":true,"href":"https:\/\/autoletcar.com\/index.php\/wp-json\/wp\/v2\/users\/1"}],"replies":[{"embeddable":true,"href":"https:\/\/autoletcar.com\/index.php\/wp-json\/wp\/v2\/comments?post=8221"}],"version-history":[{"count":2,"href":"https:\/\/autoletcar.com\/index.php\/wp-json\/wp\/v2\/pages\/8221\/revisions"}],"predecessor-version":[{"id":8223,"href":"https:\/\/autoletcar.com\/index.php\/wp-json\/wp\/v2\/pages\/8221\/revisions\/8223"}],"wp:attachment":[{"href":"https:\/\/autoletcar.com\/index.php\/wp-json\/wp\/v2\/media?parent=8221"}],"curies":[{"name":"wp","href":"https:\/\/api.w.org\/{rel}","templated":true}]}}