{"id":8052,"date":"2019-11-26T21:28:01","date_gmt":"2019-11-26T21:28:01","guid":{"rendered":"https:\/\/autoletcar.com\/index.php\/about-1-copy\/"},"modified":"2023-02-08T18:48:03","modified_gmt":"2023-02-08T18:48:03","slug":"sobre-nos","status":"publish","type":"page","link":"https:\/\/autoletcar.com\/index.php\/sobre-nos\/","title":{"rendered":"Sobre N\u00f3s"},"content":{"rendered":"<body><p><\/p>[vc_row][vc_column]\t<div id=\"cd_space_69e510df30d65\" class=\"cd-space cd-space-69e510df30dc8\" data-id=\"69e510df30d5f\" data-tablet=\"70\" data-tablet-portrait=\"60\" data-mobile=\"50\" data-mobile-portrait=\"40\" data-desktop=\"80\" style=\"clear:both; display:block;\"><\/div>\n\t     <div class=\"section-title text-center style_1\">\r\n    \t\t\t\t\t<span>Bem-vindo(a) \u00e0<\/span>\r\n\t\t\t\t\t\t\t<h1>Autoletcar<\/h1>\r\n\t\t\t\t\t\t\t<div class=\"separator\"><\/div>\r\n\t\t\t      <\/div>\r\n        [vc_row_inner][vc_column_inner offset=\u201dvc_col-lg-6 vc_col-md-6\u2033 css=\u201d.vc_custom_1486703717203{margin-bottom: 30px !important;}\u201d]     \n    <div class='owl-carousel' \n    data-nav-arrow='false' \n    data-nav-dots='false'     \n    data-md-items='1' \n    data-sm-items='1' \n    data-xs-items='1' \n    data-xx-items='1' \n    data-space='0'\n    data-autoplay='true'\n    data-loop='false'\n    data-lazyLoad=''>\n    \n                    <div class=\"item\">\n                                    <img decoding=\"async\" class=\"center-block\" src=\"https:\/\/autoletcar.com\/wp-content\/uploads\/2022\/01\/autolet-entrada.jpg\" alt=\"\">\n                            <\/div>\n                  \n    <\/div>      \n    [\/vc_column_inner][vc_column_inner offset=\u201dvc_col-lg-6 vc_col-md-6\u2033 css=\u201d.vc_custom_1486703728748{margin-bottom: 30px !important;}\u201d][vc_column_text]A <strong>autoletcar<\/strong> \u00e9 uma empresa que se dedica \u00e0 comercializa\u00e7\u00e3o de autom\u00f3veis usados multimarcas, procurando oferecer a melhor garantia de qualidade e o melhor pre\u00e7o.\n<p>\u00a0<\/p>\n<p>Todos os ve\u00edculos incluem revis\u00e3o em dia e est\u00e3o prontos a serem entregues com garantia de 18 ou 36 meses.<\/p>\n<p>\u00a0<\/p>\n<p>Est\u00e1 interessado em comprar uma nova viatura? Pretende desfazer-se do seu antigo carro por um pre\u00e7o competitivo? Visite a autoletcar na <strong>Quinta do Conde<\/strong>\u00a0e encontre as solu\u00e7\u00f5es que procura![\/vc_column_text][\/vc_column_inner][\/vc_row_inner]\t<div id=\"cd_space_69e510df31806\" class=\"cd-space cd-space-69e510df3180f\" data-id=\"69e510df31804\" data-tablet=\"20\" data-tablet-portrait=\"20\" data-mobile=\"20\" data-mobile-portrait=\"20\" data-desktop=\"20\" style=\"clear:both; display:block;\"><\/div>\n\t[vc_row_inner][vc_column_inner width=\u201d1\/2\u2033 css=\u201d.vc_custom_1486703752853{margin-bottom: 30px !important;}\u201d offset=\u201dvc_col-lg-3 vc_col-md-3\u2033]\t<div id=\"cd_feature_box_cd_feature_box_69e510df31879\" class=\"feature-box feature-border style-7 round-border box-hover no-image\">\r\n\t\t\t\t<div class=\"icon\">\r\n            <i class=\"glyph-icon flaticon-beetle\"><\/i>\r\n        <\/div>\r\n        <div class=\"content\">\r\n            <a  id=\"cd_feature_box_69e510df31879\">        \t\t\r\n        \t\t<h6>Multimarca<\/h6>        \t<\/a>\r\n            <p>Explore os diferentes fabricantes dispon\u00edveis.<\/p>        <\/div>\r\n    <\/div>\r\n\t[\/vc_column_inner][vc_column_inner width=\u201d1\/2\u2033 css=\u201d.vc_custom_1486703762819{margin-bottom: 30px !important;}\u201d offset=\u201dvc_col-lg-3 vc_col-md-3\u2033]\t<div id=\"cd_feature_box_cd_feature_box_69e510df3191e\" class=\"feature-box feature-border style-7 round-border box-hover no-image\">\r\n\t\t\t\t<div class=\"icon\">\r\n            <i class=\"glyph-icon flaticon-interface-1\"><\/i>\r\n        <\/div>\r\n        <div class=\"content\">\r\n            <a  id=\"cd_feature_box_69e510df3191e\">        \t\t\r\n        \t\t<h6>Servi\u00e7o P\u00f3s-Venda<\/h6>        \t<\/a>\r\n            <p>Acompanhamento permanente do seu ve\u00edculo<\/p>        <\/div>\r\n    <\/div>\r\n\t[\/vc_column_inner][vc_column_inner width=\u201d1\/2\u2033 css=\u201d.vc_custom_1486703775862{margin-bottom: 30px !important;}\u201d offset=\u201dvc_col-lg-3 vc_col-md-3\u2033]\t<div id=\"cd_feature_box_cd_feature_box_69e510df31993\" class=\"feature-box feature-border style-7 round-border box-hover no-image\">\r\n\t\t\t\t<div class=\"icon\">\r\n            <i class=\"glyph-icon flaticon-key\"><\/i>\r\n        <\/div>\r\n        <div class=\"content\">\r\n            <a  id=\"cd_feature_box_69e510df31993\">        \t\t\r\n        \t\t<h6>Revis\u00e3o em Dia<\/h6>        \t<\/a>\r\n            <p>Compre carro sem surpresas indesej\u00e1veis<\/p>        <\/div>\r\n    <\/div>\r\n\t[\/vc_column_inner][vc_column_inner width=\u201d1\/2\u2033 css=\u201d.vc_custom_1486703787951{margin-bottom: 30px !important;}\u201d offset=\u201dvc_col-lg-3 vc_col-md-3\u2033]\t<div id=\"cd_feature_box_cd_feature_box_69e510df319da\" class=\"feature-box feature-border style-7 round-border box-hover no-image\">\r\n\t\t\t\t<div class=\"icon\">\r\n            <i class=\"glyph-icon flaticon-wallet\"><\/i>\r\n        <\/div>\r\n        <div class=\"content\">\r\n            <a  id=\"cd_feature_box_69e510df319da\">        \t\t\r\n        \t\t<h6>Qualidade assegurada<\/h6>        \t<\/a>\r\n            <p>Torne real o seu carro de sonho<\/p>        <\/div>\r\n    <\/div>\r\n\t[\/vc_column_inner][\/vc_row_inner]\t<div id=\"cd_space_69e510df31a19\" class=\"cd-space cd-space-69e510df31a1f\" data-id=\"69e510df31a18\" data-tablet=\"50\" data-tablet-portrait=\"50\" data-mobile=\"50\" data-mobile-portrait=\"40\" data-desktop=\"50\" style=\"clear:both; display:block;\"><\/div>\n\t[\/vc_column][\/vc_row][vc_row full_width=\u201dstretch_row_content_no_spaces\u201d][vc_column][vc_separator color=\u201dcustom\u201d accent_color=\u201d#dedede\u201d]\t<div id=\"cd_space_69e510df31a68\" class=\"cd-space cd-space-69e510df31a6c\" data-id=\"69e510df31a67\" data-tablet=\"70\" data-tablet-portrait=\"60\" data-mobile=\"50\" data-mobile-portrait=\"40\" data-desktop=\"80\" style=\"clear:both; display:block;\"><\/div>\n\t[\/vc_column][\/vc_row][vc_row disable_element=\u201dyes\u201d][vc_column]     <div class=\"section-title text-center style_1\">\r\n    \t\t\t\t\t<span>Car dealer&#039;s 30 year timeline from the beginning<\/span>\r\n\t\t\t\t\t\t\t<h1>our history<\/h1>\r\n\t\t\t\t\t\t\t<div class=\"separator\"><\/div>\r\n\t\t\t      <\/div>\r\n        \t<div id=\"cd_timeline-cd_timeline_69e510df31b35\" class=\"cd_timeline cd_timeline-vertical our-history\">\r\n\t\t<ul class=\"timeline list-style-none\">\r\n\t\t\t\t\t\t\t<li class=\"timeline-item timeline-item-odd\">\r\n\t\t\t\t\t<div class=\"timeline-badge\"><h4>1<\/h4><\/div>\r\n\t\t\t\t\t<div class=\"timeline-panel\">\r\n\t\t\t\t\t\t<div class=\"timeline-heading\">\r\n\t\t\t\t\t\t\t\t\t\t\t\t\t\t\t<h5>The beginning<\/h5>\r\n\t\t\t\t\t\t\t\t\t\t\t\t\t\t<\/div>\r\n\t\t\t\t\t\t\t\t\t\t\t\t\t<div class=\"timeline-body\">\r\n\t\t\t\t\t\t\t\t<p>From the beginning lorem ipsum dolor sit amet, consectetur sed do eiusmod tempor incididunt ut labore.<\/p>\r\n\t\t\t\t\t\t\t<\/div>\r\n\t\t\t\t\t\t\t\t\t\t\t\t<\/div>\r\n\t\t\t\t<\/li>\r\n\t\t\t\t\t\t\t\t<li class=\"timeline-item timeline-item-even timeline-inverted\">\r\n\t\t\t\t\t<div class=\"timeline-badge\"><h4>2<\/h4><\/div>\r\n\t\t\t\t\t<div class=\"timeline-panel\">\r\n\t\t\t\t\t\t<div class=\"timeline-heading\">\r\n\t\t\t\t\t\t\t\t\t\t\t\t\t\t\t<h5>New Service Garage<\/h5>\r\n\t\t\t\t\t\t\t\t\t\t\t\t\t\t<\/div>\r\n\t\t\t\t\t\t\t\t\t\t\t\t\t<div class=\"timeline-body\">\r\n\t\t\t\t\t\t\t\t<p>We own our own New Service Garage incididunt Lorem ipsum dolor sit amet consectetur adipiscing elit.<\/p>\r\n\t\t\t\t\t\t\t<\/div>\r\n\t\t\t\t\t\t\t\t\t\t\t\t<\/div>\r\n\t\t\t\t<\/li>\r\n\t\t\t\t\t\t\t\t<li class=\"timeline-item timeline-item-odd\">\r\n\t\t\t\t\t<div class=\"timeline-badge\"><h4>3<\/h4><\/div>\r\n\t\t\t\t\t<div class=\"timeline-panel\">\r\n\t\t\t\t\t\t<div class=\"timeline-heading\">\r\n\t\t\t\t\t\t\t\t\t\t\t\t\t\t\t<h5>New Main office<\/h5>\r\n\t\t\t\t\t\t\t\t\t\t\t\t\t\t<\/div>\r\n\t\t\t\t\t\t\t\t\t\t\t\t\t<div class=\"timeline-body\">\r\n\t\t\t\t\t\t\t\t<p>With new super cool office elit lorem ipsum dolor sit amet sed do eiusmod tempor incididunt ut labore.<\/p>\r\n\t\t\t\t\t\t\t<\/div>\r\n\t\t\t\t\t\t\t\t\t\t\t\t<\/div>\r\n\t\t\t\t<\/li>\r\n\t\t\t\t\t\t\t\t<li class=\"timeline-item timeline-item-even timeline-inverted\">\r\n\t\t\t\t\t<div class=\"timeline-badge\"><h4>4<\/h4><\/div>\r\n\t\t\t\t\t<div class=\"timeline-panel\">\r\n\t\t\t\t\t\t<div class=\"timeline-heading\">\r\n\t\t\t\t\t\t\t\t\t\t\t\t\t\t\t<h5>New Website launch<\/h5>\r\n\t\t\t\t\t\t\t\t\t\t\t\t\t\t<\/div>\r\n\t\t\t\t\t\t\t\t\t\t\t\t\t<div class=\"timeline-body\">\r\n\t\t\t\t\t\t\t\t<p>Start online business tempor lorem ipsum dolor sit amet, consectetur adipiscing elit incididunt ut labore.<\/p>\r\n\t\t\t\t\t\t\t<\/div>\r\n\t\t\t\t\t\t\t\t\t\t\t\t<\/div>\r\n\t\t\t\t<\/li>\r\n\t\t\t\t\t\t\t\t\t\r\n\t\t<\/ul>\r\n\t<\/div>\r\n\t\t<div id=\"cd_space_69e510df31bd3\" class=\"cd-space cd-space-69e510df31bd9\" data-id=\"69e510df31bd2\" data-tablet=\"70\" data-tablet-portrait=\"60\" data-mobile=\"50\" data-mobile-portrait=\"40\" data-desktop=\"80\" style=\"clear:both; display:block;\"><\/div>\n\t[\/vc_column][\/vc_row][vc_row full_width=\u201dstretch_row\u201d parallax=\u201dcontent-moving\u201d parallax_image=\u201d6540\u2033 parallax_speed_bg=\u201d2.5\u2033 disable_element=\u201dyes\u201d cd_bg_type=\u201drow-background-dark\u201d cd_overlay_opacity=\u201d70\u2033 cd_enable_overlay=\u201dtrue\u201d cd_overlay_color=\u201d#000000\u2033][vc_column]\t<div id=\"cd_space_69e510df31c0f\" class=\"cd-space cd-space-69e510df31c1e\" data-id=\"69e510df31c0e\" data-tablet=\"70\" data-tablet-portrait=\"60\" data-mobile=\"50\" data-mobile-portrait=\"40\" data-desktop=\"80\" style=\"clear:both; display:block;\"><\/div>\n\t[vc_row_inner][vc_column_inner width=\u201d1\/2\u2033 css=\u201d.vc_custom_1486714185506{margin-bottom: 30px !important;}\u201d offset=\u201dvc_col-lg-3 vc_col-md-3\u2033]\t\t<div class=\"counter clearfix counter-style-4 left-separator\"> \r\n\t\t\t<div class=\"separator\"><\/div>\r\n\t\t\t<div class=\"info\">\r\n\t\t\t\t<h6>Vehicles in Stock<\/h6>\r\n\t\t\t\t<i class=\"glyph-icon flaticon-beetle\"><\/i>\r\n\t\t\t\t<b class=\"timer\" data-to=\"561\" data-speed=\"10000\"><\/b>\r\n\t\t\t<\/div>\r\n\t\t<\/div>\r\n\t[\/vc_column_inner][vc_column_inner width=\u201d1\/2\u2033 css=\u201d.vc_custom_1486714194276{margin-bottom: 30px !important;}\u201d offset=\u201dvc_col-lg-3 vc_col-md-3\u2033]\t\t<div class=\"counter clearfix counter-style-4 left-separator\"> \r\n\t\t\t<div class=\"separator\"><\/div>\r\n\t\t\t<div class=\"info\">\r\n\t\t\t\t<h6>Dealer Reviews<\/h6>\r\n\t\t\t\t<i class=\"glyph-icon flaticon-interface\"><\/i>\r\n\t\t\t\t<b class=\"timer\" data-to=\"856\" data-speed=\"10000\"><\/b>\r\n\t\t\t<\/div>\r\n\t\t<\/div>\r\n\t[\/vc_column_inner][vc_column_inner width=\u201d1\/2\u2033 css=\u201d.vc_custom_1486714204925{margin-bottom: 30px !important;}\u201d offset=\u201dvc_col-lg-3 vc_col-md-2\u2033]\t\t<div class=\"counter clearfix counter-style-4 left-separator\"> \r\n\t\t\t<div class=\"separator\"><\/div>\r\n\t\t\t<div class=\"info\">\r\n\t\t\t\t<h6>Happy Customers<\/h6>\r\n\t\t\t\t<i class=\"glyph-icon flaticon-circle\"><\/i>\r\n\t\t\t\t<b class=\"timer\" data-to=\"789\" data-speed=\"10000\"><\/b>\r\n\t\t\t<\/div>\r\n\t\t<\/div>\r\n\t[\/vc_column_inner][vc_column_inner width=\u201d1\/2\u2033 css=\u201d.vc_custom_1486714216135{margin-bottom: 30px !important;}\u201d offset=\u201dvc_col-lg-3 vc_col-md-3\u2033]\t\t<div class=\"counter clearfix counter-style-4 left-separator\"> \r\n\t\t\t<div class=\"separator\"><\/div>\r\n\t\t\t<div class=\"info\">\r\n\t\t\t\t<h6>Awards<\/h6>\r\n\t\t\t\t<i class=\"glyph-icon flaticon-cup\"><\/i>\r\n\t\t\t\t<b class=\"timer\" data-to=\"356\" data-speed=\"10000\"><\/b>\r\n\t\t\t<\/div>\r\n\t\t<\/div>\r\n\t[\/vc_column_inner][\/vc_row_inner]\t<div id=\"cd_space_69e510df31d51\" class=\"cd-space cd-space-69e510df31d56\" data-id=\"69e510df31d50\" data-tablet=\"50\" data-tablet-portrait=\"50\" data-mobile=\"50\" data-mobile-portrait=\"40\" data-desktop=\"50\" style=\"clear:both; display:block;\"><\/div>\n\t[\/vc_column][\/vc_row][vc_row full_width=\u201dstretch_row\u201d css=\u201d.vc_custom_1486729270932{background-position: center !important;background-repeat: no-repeat !important;background-size: cover !important;}\u201d][vc_column]     <div class=\"section-title text-center style_1\">\r\n    \t\t\t\t\t<span>O que dizem sobre n\u00f3s<\/span>\r\n\t\t\t\t\t\t\t<h1>Testemunhos<\/h1>\r\n\t\t\t\t\t\t\t<div class=\"separator\"><\/div>\r\n\t\t\t      <\/div>\r\n        \t<div id=\"cd_testimonials_cd_testimonials_69e510df31dc6\" class=\"testimonial testimonial-4 page white-bg\">\r\n\t\t\t\t\t<div class=\"owl-carousel\"  data-nav-arrow=true data-nav-dots=false data-items=1 data-md-items=1 data-sm-items=1 data-xs-items=1 data-xx-items=1 data-space=20 data-autoplay=true data-loop=true data-lazyload=>\r\n\t\t\t\t\t\t\t\t\t\t<div class=\"item\">\r\n\t\t\t\t\t\t\t<div class=\"testimonial-block text-center\">\r\n\t\t\t\t\t\t\t\t<i class=\"fa fa-quote-left\"><\/i>\r\n\t\t\t\t\t\t\t\t<p>Recomendo. Este stand oferece uma excelente aten\u00e7\u00e3o e cuidado ao cliente. A oferta \u00e9 de qualidade e d\u00e3o muita import\u00e2ncia ao servi\u00e7o p\u00f3s-venda. H\u00e1 mais de um ano que sou cliente e estou muito satisfeito. Recomendo a visita ao stand quando pretenderem comprar um ve\u00edculo.<\/p>\r\n\t\t\t\t\t\t\t\t<h6 class=\"text-red\">Rui Perp\u00e9tuo<\/h6>\r\n\t\t\t\t\t\t\t<\/div>\r\n\t\t\t\t\t\t<\/div>\r\n\t\t\t\t\t\t\t\t\t\t\t\t<div class=\"item\">\r\n\t\t\t\t\t\t\t<div class=\"testimonial-block text-center\">\r\n\t\t\t\t\t\t\t\t<i class=\"fa fa-quote-left\"><\/i>\r\n\t\t\t\t\t\t\t\t<p>Desde que conheci a Autoletcar que n\u00e3o confio em mais nenhum stand autom\u00f3vel. Profissionais, atenciosos e de confian\u00e7a, s\u00e3o a melhor escolha para tratarmos de qualquer assunto relacionado com o nosso autom\u00f3vel.\r\nUma escolha 100% segura!<\/p>\r\n\t\t\t\t\t\t\t\t<h6 class=\"text-red\">Sara Monteiro<\/h6>\r\n\t\t\t\t\t\t\t<\/div>\r\n\t\t\t\t\t\t<\/div>\r\n\t\t\t\t\t\t\t\t\t\t\t\t<div class=\"item\">\r\n\t\t\t\t\t\t\t<div class=\"testimonial-block text-center\">\r\n\t\t\t\t\t\t\t\t<i class=\"fa fa-quote-left\"><\/i>\r\n\t\t\t\t\t\t\t\t<p>Bom stand com bons autom\u00f3veis. Um obrigado em especial ao Sr. Valdemar pelo meu BMW que adoro. Recomendo.<\/p>\r\n\t\t\t\t\t\t\t\t<h6 class=\"text-red\">Jorge Teixeira<\/h6>\r\n\t\t\t\t\t\t\t<\/div>\r\n\t\t\t\t\t\t<\/div>\r\n\t\t\t\t\t\t\t\t\t<\/div>\r\n\t\t\t    <\/div>\r\n    \t<div id=\"cd_space_69e510df3345d\" class=\"cd-space cd-space-69e510df33468\" data-id=\"69e510df3345a\" data-tablet=\"70\" data-tablet-portrait=\"60\" data-mobile=\"50\" data-mobile-portrait=\"40\" data-desktop=\"80\" style=\"clear:both; display:block;\"><\/div>\n\t[\/vc_column][\/vc_row][vc_section][vc_row full_width=\u201dstretch_row_content_no_spaces\u201d equal_height=\u201dyes\u201d content_placement=\u201dmiddle\u201d][vc_column width=\u201d1\/3\u2033]\t<div id=\"cd_space_69e510df334af\" class=\"cd-space cd-space-69e510df334ba  vc_custom_1574936588750\" data-id=\"69e510df334ae\" data-tablet=\"250\" data-tablet-portrait=\"250\" data-mobile=\"200\" data-mobile-portrait=\"150\" data-desktop=\"350\" style=\"clear:both; display:block;\"><\/div>\n\t[\/vc_column][vc_column width=\u201d1\/3\u2033 css=\u201d.vc_custom_1561602262625{padding-top: 20px !important;padding-bottom: 20px !important;}\u201d][vc_column_text]<\/p>\n<div class=\"halp-call text-center\">\n<p><img decoding=\"async\" class=\"alignnone wp-image-8121 size-medium\" src=\"https:\/\/autoletcar.com\/wp-content\/uploads\/2019\/11\/autoletcar-call-300x300.jpg\" alt=\"\" width=\"300\" height=\"300\" loading=\"lazy\" srcset=\"https:\/\/autoletcar.com\/wp-content\/uploads\/2019\/11\/autoletcar-call-300x300.jpg 300w, https:\/\/autoletcar.com\/wp-content\/uploads\/2019\/11\/autoletcar-call-150x150.jpg 150w, https:\/\/autoletcar.com\/wp-content\/uploads\/2019\/11\/autoletcar-call-50x50.jpg 50w, https:\/\/autoletcar.com\/wp-content\/uploads\/2019\/11\/autoletcar-call.jpg 601w\" sizes=\"(max-width: 300px) 100vw, 300px\" \/><br>\nTem alguma quest\u00e3o?<\/p>\n<h2 class=\"text-red\">\u2706 21 213 8031 *<\/h2>\n<p>* Custo chamada para a rede fixa nacional<\/p>\n<\/div>\n<p>[\/vc_column_text][\/vc_column][vc_column width=\u201d1\/3\u2033]\t<div id=\"cd_space_69e510df334f1\" class=\"cd-space cd-space-69e510df334f8  vc_custom_1574936649894\" data-id=\"69e510df334f0\" data-tablet=\"250\" data-tablet-portrait=\"250\" data-mobile=\"200\" data-mobile-portrait=\"150\" data-desktop=\"350\" style=\"clear:both; display:block;\"><\/div>\n\t[\/vc_column][\/vc_row][vc_row full_width=\u201dstretch_row\u201d equal_height=\u201dyes\u201d css=\u201d.vc_custom_1561606591341{padding-top: 40px !important;padding-bottom: 40px !important;background-color: #e7692e !important;}\u201d el_class=\u201dcta-text\u201d][vc_column width=\u201d1\/3\u2033]\t<div id=\"cd_feature_box_cd_feature_box_69e510df3352b\" class=\"feature-box feature-border style-7 round-border no-image\">\r\n\t\t\t\t<div class=\"icon\">\r\n            <i class=\"fa fa-map-marker\"><\/i>\r\n        <\/div>\r\n        <div class=\"content\">\r\n            <a  id=\"cd_feature_box_69e510df3352b\">        \t\t\r\n        \t\t<h6>Morada<\/h6>        \t<\/a>\r\n            <p>Av. Principal Lote 9-B Quinta do Conde<\/p>        <\/div>\r\n    <\/div>\r\n\t[\/vc_column][vc_column width=\u201d1\/3\u2033]\t<div id=\"cd_feature_box_cd_feature_box_69e510df33595\" class=\"feature-box feature-border style-7 round-border no-image\">\r\n\t\t\t\t<div class=\"icon\">\r\n            <i class=\"fa fa-phone\"><\/i>\r\n        <\/div>\r\n        <div class=\"content\">\r\n            <a  id=\"cd_feature_box_69e510df33595\">        \t\t\r\n        \t\t<h6>Telefone<\/h6>        \t<\/a>\r\n            <p>21 213 8031 *<\/p>        <\/div>\r\n    <\/div>\r\n\t[\/vc_column][vc_column width=\u201d1\/3\u2033]\t<div id=\"cd_feature_box_cd_feature_box_69e510df335d5\" class=\"feature-box feature-border style-7 round-border no-image\">\r\n\t\t\t\t<div class=\"icon\">\r\n            <i class=\"fa fa-envelope-o\"><\/i>\r\n        <\/div>\r\n        <div class=\"content\">\r\n            <a  id=\"cd_feature_box_69e510df335d5\">        \t\t\r\n        \t\t<h6>Email<\/h6>        \t<\/a>\r\n            <p>geral@autoletcar.com<\/p>        <\/div>\r\n    <\/div>\r\n\t[\/vc_column][\/vc_row][vc_row][vc_column][vc_wp_text]<\/p>\n<p style=\"text-align: center;\">* Custo chamada para a rede fixa nacional<\/p>\n<p>[\/vc_wp_text][\/vc_column][\/vc_row][vc_row css=\u201d.vc_custom_1575894928879{padding-top: 40px !important;padding-bottom: 40px !important;}\u201d][vc_column][vc_column_text]\n<div class=\"wpcf7 no-js\" id=\"wpcf7-f2736-o1\" lang=\"en-US\" dir=\"ltr\" data-wpcf7-id=\"2736\">\n<div class=\"screen-reader-response\"><p role=\"status\" aria-live=\"polite\" aria-atomic=\"true\"><\/p> <ul><\/ul><\/div>\n<form action=\"\/index.php\/wp-json\/wp\/v2\/pages\/8052#wpcf7-f2736-o1\" method=\"post\" class=\"wpcf7-form init\" aria-label=\"Contact form\" novalidate=\"novalidate\" data-status=\"init\">\n<div style=\"display: none;\">\n<input type=\"hidden\" name=\"_wpcf7\" value=\"2736\" \/>\n<input type=\"hidden\" name=\"_wpcf7_version\" value=\"6.0.6\" \/>\n<input type=\"hidden\" name=\"_wpcf7_locale\" value=\"en_US\" \/>\n<input type=\"hidden\" name=\"_wpcf7_unit_tag\" value=\"wpcf7-f2736-o1\" \/>\n<input type=\"hidden\" name=\"_wpcf7_container_post\" value=\"0\" \/>\n<input type=\"hidden\" name=\"_wpcf7_posted_data_hash\" value=\"\" \/>\n<\/div>\n<div class=\"contact-form row\">\n\t<div class=\"col-lg-4 col-md-4\">\n\t\t<div class=\"form-group\">\n\t\t\t<p><span class=\"wpcf7-form-control-wrap\" data-name=\"name\"><input size=\"40\" maxlength=\"400\" class=\"wpcf7-form-control wpcf7-text wpcf7-validates-as-required form-control\" aria-required=\"true\" aria-invalid=\"false\" placeholder=\"Nome*\" value=\"\" type=\"text\" name=\"name\" \/><\/span>\n\t\t\t<\/p>\n\t\t<\/div>\n\t<\/div>\n\t<div class=\"col-lg-4 col-md-4\">\n\t\t<div class=\"form-group\">\n\t\t\t<p><span class=\"wpcf7-form-control-wrap\" data-name=\"email\"><input size=\"40\" maxlength=\"400\" class=\"wpcf7-form-control wpcf7-email wpcf7-validates-as-required wpcf7-text wpcf7-validates-as-email form-control\" aria-required=\"true\" aria-invalid=\"false\" placeholder=\"E-mail*\" value=\"\" type=\"email\" name=\"email\" \/><\/span>\n\t\t\t<\/p>\n\t\t<\/div>\n\t<\/div>\n\t<div class=\"col-lg-4 col-md-4\">\n\t\t<div class=\"form-group\">\n\t\t\t<p><span class=\"wpcf7-form-control-wrap\" data-name=\"phone\"><input size=\"40\" maxlength=\"400\" class=\"wpcf7-form-control wpcf7-text wpcf7-validates-as-required form-control input-message\" aria-required=\"true\" aria-invalid=\"false\" placeholder=\"Telefone*\" value=\"\" type=\"text\" name=\"phone\" \/><\/span>\n\t\t\t<\/p>\n\t\t<\/div>\n\t<\/div>\n\t<div class=\"col-lg-12 col-md-12\">\n\t\t<div class=\"form-group\">\n\t\t\t<p><span class=\"wpcf7-form-control-wrap\" data-name=\"comment\"><textarea cols=\"40\" rows=\"10\" maxlength=\"2000\" class=\"wpcf7-form-control wpcf7-textarea wpcf7-validates-as-required form-control\" aria-required=\"true\" aria-invalid=\"false\" placeholder=\"Mensagem*\" name=\"comment\"><\/textarea><\/span>\n\t\t\t<\/p>\n\t\t<\/div>\n\t<\/div>\n\t<div class=\"col-lg-12 col-md-12\">\n\t\t<p><input class=\"wpcf7-form-control wpcf7-submit has-spinner button red\" type=\"submit\" value=\"Enviar\" \/>\n\t\t<\/p>\n\t<\/div>\n<\/div><p style=\"display: none !important;\" class=\"akismet-fields-container\" data-prefix=\"_wpcf7_ak_\"><label>&#916;<textarea name=\"_wpcf7_ak_hp_textarea\" cols=\"45\" rows=\"8\" maxlength=\"100\"><\/textarea><\/label><input type=\"hidden\" id=\"ak_js_1\" name=\"_wpcf7_ak_js\" value=\"140\"\/><script>document.getElementById( \"ak_js_1\" ).setAttribute( \"value\", ( new Date() ).getTime() );<\/script><\/p><div class=\"wpcf7-response-output\" aria-hidden=\"true\"><\/div>\n<\/form>\n<\/div>\n[\/vc_column_text][\/vc_column][\/vc_row][\/vc_section]<\/p>\n<\/body>","protected":false},"excerpt":{"rendered":"<p>[vc_row][vc_column][vc_row_inner][vc_column_inner offset=\u201dvc_col-lg-6 vc_col-md-6\u2033 css=\u201d.vc_custom_1486703717203{margin-bottom: 30px !important;}\u201d][\/vc_column_inner][vc_column_inner offset=\u201dvc_col-lg-6 vc_col-md-6\u2033 css=\u201d.vc_custom_1486703728748{margin-bottom: 30px !important;}\u201d][vc_column_text]A autoletcar \u00e9 uma empresa que se dedica \u00e0 comercializa\u00e7\u00e3o de autom\u00f3veis usados multimarcas, procurando oferecer a melhor garantia de qualidade e o melhor pre\u00e7o. \u00a0 Todos os ve\u00edculos incluem revis\u00e3o em dia e est\u00e3o prontos a serem entregues com garantia de 18 ou 36 [&hellip;]<\/p>\n","protected":false},"author":1,"featured_media":0,"parent":0,"menu_order":0,"comment_status":"closed","ping_status":"closed","template":"templates\/page-vc_compatible.php","meta":{"om_disable_all_campaigns":false,"_monsterinsights_skip_tracking":false,"_monsterinsights_sitenote_active":false,"_monsterinsights_sitenote_note":"","_monsterinsights_sitenote_category":0,"footnotes":""},"class_list":["post-8052","page","type-page","status-publish","hentry"],"_links":{"self":[{"href":"https:\/\/autoletcar.com\/index.php\/wp-json\/wp\/v2\/pages\/8052"}],"collection":[{"href":"https:\/\/autoletcar.com\/index.php\/wp-json\/wp\/v2\/pages"}],"about":[{"href":"https:\/\/autoletcar.com\/index.php\/wp-json\/wp\/v2\/types\/page"}],"author":[{"embeddable":true,"href":"https:\/\/autoletcar.com\/index.php\/wp-json\/wp\/v2\/users\/1"}],"replies":[{"embeddable":true,"href":"https:\/\/autoletcar.com\/index.php\/wp-json\/wp\/v2\/comments?post=8052"}],"version-history":[{"count":18,"href":"https:\/\/autoletcar.com\/index.php\/wp-json\/wp\/v2\/pages\/8052\/revisions"}],"predecessor-version":[{"id":13295,"href":"https:\/\/autoletcar.com\/index.php\/wp-json\/wp\/v2\/pages\/8052\/revisions\/13295"}],"wp:attachment":[{"href":"https:\/\/autoletcar.com\/index.php\/wp-json\/wp\/v2\/media?parent=8052"}],"curies":[{"name":"wp","href":"https:\/\/api.w.org\/{rel}","templated":true}]}}